{"id":71937,"date":"2023-02-14T11:15:48","date_gmt":"2023-02-14T11:15:48","guid":{"rendered":"https:\/\/2monkeys.com.ptmenu\/"},"modified":"2025-12-11T15:09:28","modified_gmt":"2025-12-11T15:09:28","slug":"as-nossas-ofertas","status":"publish","type":"page","link":"https:\/\/2monkeys.com.pt\/en\/as-nossas-ofertas\/","title":{"rendered":"Our Menus"},"content":{"rendered":"<p>[et_pb_section fb_built=&#8221;1&#8243; _builder_version=&#8221;4.19.5&#8243; _module_preset=&#8221;default&#8221; background_color=&#8221;RGBA(255,255,255,0)&#8221; custom_padding=&#8221;30px|1px|30px||false|false&#8221; global_colors_info=&#8221;{}&#8221;][et_pb_row _builder_version=&#8221;4.19.5&#8243; _module_preset=&#8221;default&#8221; width=&#8221;100%&#8221; width_tablet=&#8221;100%&#8221; width_phone=&#8221;90%&#8221; width_last_edited=&#8221;on|phone&#8221; max_width=&#8221;100%&#8221; module_alignment=&#8221;center&#8221; custom_margin=&#8221;|0px|||false|false&#8221; custom_padding=&#8221;20px|0px|0px||false|false&#8221; global_colors_info=&#8221;{}&#8221;][et_pb_column type=&#8221;4_4&#8243; _builder_version=&#8221;4.19.5&#8243; _module_preset=&#8221;default&#8221; global_colors_info=&#8221;{}&#8221;][et_pb_post_title meta=&#8221;off&#8221; featured_image=&#8221;off&#8221; module_class=&#8221;section_title&#8221; _builder_version=&#8221;4.19.5&#8243; _module_preset=&#8221;default&#8221; title_font=&#8221;|||on|||||&#8221; title_text_color=&#8221;gcid-a7679b5e-9eba-42a7-859d-d4af8145d965&#8243; title_font_size=&#8221;20px&#8221; title_letter_spacing=&#8221;4px&#8221; text_orientation=&#8221;center&#8221; width=&#8221;100%&#8221; max_width=&#8221;100%&#8221; module_alignment=&#8221;center&#8221; custom_margin=&#8221;|0px|||false|false&#8221; custom_padding=&#8221;|0px|||false|false&#8221; global_colors_info=&#8221;{%22gcid-a7679b5e-9eba-42a7-859d-d4af8145d965%22:%91%22title_text_color%22%93}&#8221;][\/et_pb_post_title][et_pb_text _builder_version=&#8221;4.19.5&#8243; header_3_font=&#8221;Spectral SC||||||||&#8221; header_3_text_align=&#8221;center&#8221; header_3_text_color=&#8221;#ffffff&#8221; header_3_font_size=&#8221;50px&#8221; header_3_letter_spacing=&#8221;8px&#8221; header_3_line_height=&#8221;1.4em&#8221; z_index=&#8221;351&#8243; module_alignment=&#8221;center&#8221; custom_margin=&#8221;10px|0px||0px|false|false&#8221; custom_padding=&#8221;|0px||0px|false|false&#8221; header_3_font_size_tablet=&#8221;40px&#8221; header_3_font_size_phone=&#8221;30px&#8221; header_3_font_size_last_edited=&#8221;on|phone&#8221; header_3_letter_spacing_tablet=&#8221;2px&#8221; header_3_letter_spacing_phone=&#8221;2px&#8221; header_3_letter_spacing_last_edited=&#8221;on|phone&#8221; header_3_line_height_tablet=&#8221;&#8221; header_3_line_height_phone=&#8221;1.1em&#8221; header_3_line_height_last_edited=&#8221;on|phone&#8221; global_colors_info=&#8221;{}&#8221;]<\/p>\n<h2 style=\"text-align: center;\"><em>Check out our offers<\/em><\/h2>\n<p>[\/et_pb_text][\/et_pb_column][\/et_pb_row][\/et_pb_section][et_pb_section fb_built=&#8221;1&#8243; admin_label=&#8221;section&#8221; module_class=&#8221;section_menus&#8221; _builder_version=&#8221;4.19.5&#8243; background_color=&#8221;RGBA(255,255,255,0)&#8221; z_index=&#8221;149&#8243; custom_padding=&#8221;1px||1px||false|false&#8221; global_colors_info=&#8221;{}&#8221;][et_pb_row use_custom_gutter=&#8221;on&#8221; gutter_width=&#8221;2&#8243; make_equal=&#8221;on&#8221; _builder_version=&#8221;4.19.5&#8243; width=&#8221;100%&#8221; width_tablet=&#8221;90%&#8221; width_phone=&#8221;90%&#8221; width_last_edited=&#8221;on|desktop&#8221; max_width=&#8221;100%&#8221; max_width_tablet=&#8221;90%&#8221; max_width_phone=&#8221;90%&#8221; max_width_last_edited=&#8221;on|tablet&#8221; module_alignment=&#8221;center&#8221; custom_margin=&#8221;|0px||0px|false|false&#8221; custom_padding=&#8221;30px|0px|40px|0px|false|false&#8221; global_colors_info=&#8221;{}&#8221;][et_pb_column type=&#8221;4_4&#8243; _builder_version=&#8221;4.16&#8243; global_colors_info=&#8221;{}&#8221;][et_pb_text _builder_version=&#8221;4.19.5&#8243; _module_preset=&#8221;default&#8221; text_line_height=&#8221;2em&#8221; width_tablet=&#8221;&#8221; width_phone=&#8221;90%&#8221; width_last_edited=&#8221;on|phone&#8221; max_width=&#8221;60%&#8221; module_alignment=&#8221;center&#8221; custom_padding=&#8221;20px||20px||true|false&#8221; global_colors_info=&#8221;{}&#8221;]<\/p>\n<p class=\"p1\" style=\"text-align: center;\"><span class=\"s1\">At 2Monkeys, you can enjoy an evening of high-level gastronomy that is informal yet sophisticated, and above all, a memorable experience.<\/span><\/p>\n<p>[\/et_pb_text][\/et_pb_column][\/et_pb_row][et_pb_row column_structure=&#8221;1_2,1_2&#8243; use_custom_gutter=&#8221;on&#8221; gutter_width=&#8221;2&#8243; make_equal=&#8221;on&#8221; custom_padding_last_edited=&#8221;on|desktop&#8221; _builder_version=&#8221;4.19.5&#8243; _module_preset=&#8221;default&#8221; background_color=&#8221;RGBA(255,255,255,0)&#8221; custom_padding=&#8221;0px||0px||true|false&#8221; custom_padding_tablet=&#8221;||100px||false|false&#8221; custom_padding_phone=&#8221;||0px||false|false&#8221; locked=&#8221;off&#8221; global_colors_info=&#8221;{}&#8221;][et_pb_column type=&#8221;1_2&#8243; _builder_version=&#8221;4.19.5&#8243; _module_preset=&#8221;default&#8221; background_color=&#8221;#111111&#8243; custom_padding=&#8221;70px|40px|70px|40px|false|false&#8221; global_colors_info=&#8221;{}&#8221;][et_pb_text _builder_version=&#8221;4.19.5&#8243; _module_preset=&#8221;default&#8221; text_line_height=&#8221;1.2em&#8221; header_4_font=&#8221;Herr Von Muellerhoff||||||||&#8221; header_4_text_align=&#8221;center&#8221; header_4_font_size=&#8221;65px&#8221; custom_margin=&#8221;60px||-30px||false|false&#8221; custom_padding=&#8221;||50px||false|false&#8221; custom_padding_tablet=&#8221;||||false|false&#8221; custom_padding_phone=&#8221;||||false|false&#8221; custom_padding_last_edited=&#8221;on|desktop&#8221; header_4_line_height_tablet=&#8221;&#8221; header_4_line_height_phone=&#8221;0.9em&#8221; header_4_line_height_last_edited=&#8221;on|phone&#8221; global_colors_info=&#8221;{}&#8221;]<\/p>\n<h4 style=\"text-align: left;\"><span data-metadata=\"&lt;!--(figmeta)eyJmaWxlS2V5IjoiWkFZcTJVN1k0M0J6SVp3VVZubnd0USIsInBhc3RlSUQiOjE1OTY1MjQ0NjMsImRhdGFUeXBlIjoic2NlbmUifQo=(\/figmeta)--&gt;\"><\/span><span>2Monkeys <\/span><span>Menu <\/span><\/h4>\n<p>[\/et_pb_text][et_pb_text _builder_version=&#8221;4.19.5&#8243; _module_preset=&#8221;default&#8221; text_font=&#8221;Baskervville||||||||&#8221; text_font_size=&#8221;20px&#8221; text_line_height=&#8221;2em&#8221; max_width=&#8221;950px&#8221; module_alignment=&#8221;center&#8221; custom_margin=&#8221;||60px||false|false&#8221; custom_padding=&#8221;0px||||false|false&#8221; global_colors_info=&#8221;{}&#8221;]<\/p>\n<p data-renderer-start-pos=\"53\">Available for dinner Tuesday to Saturday.<\/p>\n<p data-renderer-start-pos=\"53\">Our surprise menu is a culinary adventure crafted by our talented chefs, who draw inspiration from the freshest and most exquisite seasonal ingredients.<\/p>\n<p data-renderer-start-pos=\"53\"><em>Wine pairing and <strong>Master Wine Pairing experience<\/strong> options available.<\/em><\/p>\n<p data-renderer-start-pos=\"53\">*This is not a vegetarian experience and cannot be adapted accordingly.<\/p>\n<p>[\/et_pb_text][et_pb_button button_url=&#8221;https:\/\/2monkeys.com.pt\/wp-content\/uploads\/2025\/03\/Menu-Mesa_2M.pdf&#8221; url_new_window=&#8221;on&#8221; button_text=&#8221;SEE EXPERIENCE&#8221; button_alignment=&#8221;center&#8221; _builder_version=&#8221;4.19.5&#8243; _module_preset=&#8221;default&#8221; custom_margin_tablet=&#8221;&#8221; custom_margin_phone=&#8221;||||false|false&#8221; custom_margin_last_edited=&#8221;on|phone&#8221; custom_padding=&#8221;|||10px|false|false&#8221; global_colors_info=&#8221;{}&#8221;][\/et_pb_button][\/et_pb_column][et_pb_column type=&#8221;1_2&#8243; _builder_version=&#8221;4.19.5&#8243; _module_preset=&#8221;default&#8221; background_color=&#8221;RGBA(255,255,255,0)&#8221; global_colors_info=&#8221;{}&#8221;][et_pb_image src=&#8221;https:\/\/2monkeys.com.pt\/wp-content\/uploads\/2025\/01\/LF_2MONKEYS-10.jpg&#8221; title_text=&#8221;LF_2MONKEYS-10&#8243; align=&#8221;center&#8221; force_fullwidth=&#8221;on&#8221; _builder_version=&#8221;4.19.5&#8243; _module_preset=&#8221;default&#8221; height=&#8221;100%&#8221; max_height=&#8221;100%&#8221; custom_padding=&#8221;||85px|||&#8221; global_colors_info=&#8221;{}&#8221;][\/et_pb_image][\/et_pb_column][\/et_pb_row][et_pb_row column_structure=&#8221;1_2,1_2&#8243; use_custom_gutter=&#8221;on&#8221; gutter_width=&#8221;2&#8243; make_equal=&#8221;on&#8221; custom_padding_last_edited=&#8221;on|desktop&#8221; _builder_version=&#8221;4.19.5&#8243; _module_preset=&#8221;default&#8221; background_color=&#8221;RGBA(255,255,255,0)&#8221; custom_margin=&#8221;50px|auto||auto||&#8221; custom_padding=&#8221;0px||0px||true|false&#8221; custom_padding_tablet=&#8221;||100px||false|false&#8221; custom_padding_phone=&#8221;||0px||false|false&#8221; locked=&#8221;off&#8221; global_colors_info=&#8221;{}&#8221;][et_pb_column type=&#8221;1_2&#8243; _builder_version=&#8221;4.19.5&#8243; _module_preset=&#8221;default&#8221; background_color=&#8221;RGBA(255,255,255,0)&#8221; global_colors_info=&#8221;{}&#8221;][et_pb_image src=&#8221;https:\/\/2monkeys.com.pt\/wp-content\/uploads\/2023\/05\/vinhos-2-monkeys-restaurante-lisboa.jpg&#8221; title_text=&#8221;vinhos-2-monkeys-restaurante-lisboa&#8221; align=&#8221;center&#8221; force_fullwidth=&#8221;on&#8221; _builder_version=&#8221;4.19.5&#8243; _module_preset=&#8221;default&#8221; height=&#8221;100%&#8221; max_height=&#8221;100%&#8221; global_colors_info=&#8221;{}&#8221;][\/et_pb_image][\/et_pb_column][et_pb_column type=&#8221;1_2&#8243; _builder_version=&#8221;4.19.5&#8243; _module_preset=&#8221;default&#8221; background_color=&#8221;#111111&#8243; custom_padding=&#8221;70px|40px|70px|40px|false|false&#8221; global_colors_info=&#8221;{}&#8221;][et_pb_text _builder_version=&#8221;4.19.5&#8243; _module_preset=&#8221;default&#8221; text_line_height=&#8221;1.2em&#8221; header_4_font=&#8221;Herr Von Muellerhoff||||||||&#8221; header_4_text_align=&#8221;center&#8221; header_4_font_size=&#8221;65px&#8221; custom_margin=&#8221;140px||0px||false|false&#8221; custom_padding=&#8221;||50px||false|false&#8221; custom_padding_tablet=&#8221;||||false|false&#8221; custom_padding_phone=&#8221;||||false|false&#8221; custom_padding_last_edited=&#8221;on|desktop&#8221; header_4_line_height_tablet=&#8221;&#8221; header_4_line_height_phone=&#8221;0.9em&#8221; header_4_line_height_last_edited=&#8221;on|phone&#8221; global_colors_info=&#8221;{}&#8221;]<\/p>\n<h4 style=\"text-align: left;\"><span data-metadata=\"&lt;!--(figmeta)eyJmaWxlS2V5IjoiWkFZcTJVN1k0M0J6SVp3VVZubnd0USIsInBhc3RlSUQiOjE1OTY1MjQ0NjMsImRhdGFUeXBlIjoic2NlbmUifQo=(\/figmeta)--&gt;\"><\/span><span>Drinks Menu<\/span><\/h4>\n<p>[\/et_pb_text][et_pb_text _builder_version=&#8221;4.19.5&#8243; _module_preset=&#8221;default&#8221; text_font=&#8221;Baskervville||||||||&#8221; text_font_size=&#8221;20px&#8221; text_line_height=&#8221;2em&#8221; max_width=&#8221;950px&#8221; module_alignment=&#8221;center&#8221; custom_margin=&#8221;||60px||false|false&#8221; custom_padding=&#8221;0px||||false|false&#8221; global_colors_info=&#8221;{}&#8221;]<\/p>\n<p style=\"text-align: left;\"><span>Designed to showcase Portuguese enology in all its splendour.<\/span><\/p>\n<p>[\/et_pb_text][et_pb_button button_url=&#8221;https:\/\/2monkeys.com.pt\/wp-content\/uploads\/2025\/12\/Carta-de-Bebidas_2-Monkeys.pdf&#8221; url_new_window=&#8221;on&#8221; button_text=&#8221;SEE MENU&#8221; button_alignment=&#8221;center&#8221; _builder_version=&#8221;4.19.5&#8243; _module_preset=&#8221;default&#8221; custom_padding=&#8221;|||10px|false|false&#8221; hover_enabled=&#8221;0&#8243; global_colors_info=&#8221;{}&#8221; sticky_enabled=&#8221;0&#8243;][\/et_pb_button][et_pb_button button_url=&#8221;https:\/\/2monkeys.com.pt\/wp-content\/uploads\/2025\/08\/Carta-de-Vinhos-To-Go-2MONKEYS.pdf&#8221; url_new_window=&#8221;on&#8221; button_text=&#8221;WINES TO GO&#8221; button_alignment=&#8221;center&#8221; _builder_version=&#8221;4.19.5&#8243; _module_preset=&#8221;default&#8221; custom_padding=&#8221;|||10px|false|false&#8221; global_colors_info=&#8221;{}&#8221;][\/et_pb_button][\/et_pb_column][\/et_pb_row][et_pb_row column_structure=&#8221;1_2,1_2&#8243; use_custom_gutter=&#8221;on&#8221; gutter_width=&#8221;2&#8243; make_equal=&#8221;on&#8221; custom_padding_last_edited=&#8221;on|desktop&#8221; disabled_on=&#8221;on|on|on&#8221; _builder_version=&#8221;4.19.5&#8243; _module_preset=&#8221;default&#8221; background_color=&#8221;RGBA(255,255,255,0)&#8221; custom_margin=&#8221;40px||60px||false|false&#8221; custom_padding=&#8221;0px||0px||true|false&#8221; custom_padding_tablet=&#8221;||100px||false|false&#8221; custom_padding_phone=&#8221;||0px||false|false&#8221; disabled=&#8221;on&#8221; locked=&#8221;off&#8221; global_colors_info=&#8221;{}&#8221;][et_pb_column type=&#8221;1_2&#8243; _builder_version=&#8221;4.19.5&#8243; _module_preset=&#8221;default&#8221; background_color=&#8221;#111111&#8243; custom_padding=&#8221;70px|40px|70px|40px|false|false&#8221; global_colors_info=&#8221;{}&#8221;][et_pb_text _builder_version=&#8221;4.19.5&#8243; _module_preset=&#8221;default&#8221; text_line_height=&#8221;1.2em&#8221; header_4_font=&#8221;Herr Von Muellerhoff||||||||&#8221; header_4_text_align=&#8221;center&#8221; header_4_font_size=&#8221;65px&#8221; custom_margin=&#8221;10px||-30px||false|false&#8221; custom_padding=&#8221;||35px||false|false&#8221; custom_padding_tablet=&#8221;||||false|false&#8221; custom_padding_phone=&#8221;||||false|false&#8221; custom_padding_last_edited=&#8221;on|desktop&#8221; header_4_line_height_tablet=&#8221;&#8221; header_4_line_height_phone=&#8221;0.9em&#8221; header_4_line_height_last_edited=&#8221;on|phone&#8221; global_colors_info=&#8221;{}&#8221;]<\/p>\n<h4 style=\"text-align: left;\"><span data-metadata=\"&lt;!--(figmeta)eyJmaWxlS2V5IjoiWkFZcTJVN1k0M0J6SVp3VVZubnd0USIsInBhc3RlSUQiOjE1OTY1MjQ0NjMsImRhdGFUeXBlIjoic2NlbmUifQo=(\/figmeta)--&gt;\"><\/span><span>2Monkeys <\/span><span>&amp; Friends<\/span><\/h4>\n<p>[\/et_pb_text][et_pb_text _builder_version=&#8221;4.19.5&#8243; _module_preset=&#8221;default&#8221; text_font=&#8221;Baskervville||||||||&#8221; text_font_size=&#8221;20px&#8221; text_line_height=&#8221;2em&#8221; max_width=&#8221;950px&#8221; module_alignment=&#8221;center&#8221; custom_margin=&#8221;||30px||false|false&#8221; custom_padding=&#8221;0px||||false|false&#8221; global_colors_info=&#8221;{}&#8221;]<\/p>\n<p><strong>This event is SOLD OUT!<\/strong><\/p>\n<p><em><strong>31st of May at 7:30pm.<\/strong><\/em><\/p>\n<p>Join us for the 2nd edition of 2Monkeys &amp; Friends, conceived by Chef Vitor Matos and Chef Francisco Quintas, <strong>in partnership with renowned Chef James Knappett.<\/strong><\/p>\n<p>Get ready for a unique gastronomic experience, where every flavour is carefully paired with Soalheiro wines.<\/p>\n<p>&nbsp;<\/p>\n<ul>\n<li><strong>Price: 385\u20ac per person<\/strong><\/li>\n<\/ul>\n<p>[\/et_pb_text][et_pb_button button_url=&#8221;https:\/\/2monkeys.com.pt\/en\/reservas\/&#8221; url_new_window=&#8221;on&#8221; button_text=&#8221;MAKE YOUR RESERVATION&#8221; _builder_version=&#8221;4.19.5&#8243; _module_preset=&#8221;default&#8221; custom_margin_tablet=&#8221;&#8221; custom_margin_phone=&#8221;||||false|false&#8221; custom_margin_last_edited=&#8221;on|phone&#8221; custom_padding=&#8221;|||10px|false|false&#8221; global_colors_info=&#8221;{}&#8221;][\/et_pb_button][\/et_pb_column][et_pb_column type=&#8221;1_2&#8243; _builder_version=&#8221;4.19.5&#8243; _module_preset=&#8221;default&#8221; background_color=&#8221;RGBA(255,255,255,0)&#8221; global_colors_info=&#8221;{}&#8221;][et_pb_image src=&#8221;https:\/\/2monkeys.com.pt\/wp-content\/uploads\/2024\/04\/2-monkeys-friends-chef-james.png&#8221; title_text=&#8221;2-monkeys-friends-chef-james&#8221; align=&#8221;center&#8221; force_fullwidth=&#8221;on&#8221; _builder_version=&#8221;4.19.5&#8243; _module_preset=&#8221;default&#8221; height=&#8221;100%&#8221; max_height=&#8221;100%&#8221; global_colors_info=&#8221;{}&#8221;][\/et_pb_image][\/et_pb_column][\/et_pb_row][et_pb_row column_structure=&#8221;1_3,1_3,1_3&#8243; disabled_on=&#8221;on|on|on&#8221; _builder_version=&#8221;4.19.5&#8243; _module_preset=&#8221;default&#8221; disabled=&#8221;on&#8221; global_colors_info=&#8221;{}&#8221;][et_pb_column type=&#8221;1_3&#8243; _builder_version=&#8221;4.19.5&#8243; _module_preset=&#8221;default&#8221; global_colors_info=&#8221;{}&#8221;][et_pb_text _builder_version=&#8221;4.19.5&#8243; _module_preset=&#8221;default&#8221; custom_margin=&#8221;||10px||false|false&#8221; global_colors_info=&#8221;{}&#8221;]<\/p>\n<h2 style=\"text-align: center;\">Menu<\/h2>\n<p>[\/et_pb_text][et_pb_image src=&#8221;https:\/\/2monkeys.com.pt\/wp-content\/uploads\/2023\/03\/tartaro-novilho-black-pavilion.jpg&#8221; title_text=&#8221;tartaro-novilho-black-pavilion&#8221; _builder_version=&#8221;4.19.5&#8243; _module_preset=&#8221;default&#8221; global_colors_info=&#8221;{}&#8221;][\/et_pb_image][et_pb_text _builder_version=&#8221;4.19.5&#8243; _module_preset=&#8221;default&#8221; custom_padding=&#8221;||74px||false|false&#8221; global_colors_info=&#8221;{}&#8221;]<\/p>\n<h3 style=\"text-align: center;\">Dispon\u00edvel todos os dias ao almo\u00e7o, das 12h30 \u00e0s 15h00, e ao jantar, das 19h30 \u00e0s 22h30.<\/h3>\n<p>[\/et_pb_text][et_pb_button button_url=&#8221;\/wp-content\/uploads\/2023\/03\/menu-restaurante-black-pavilion-lisboa.pdf&#8221; url_new_window=&#8221;on&#8221; button_text=&#8221;VER MENU&#8221; button_alignment=&#8221;center&#8221; _builder_version=&#8221;4.19.5&#8243; _module_preset=&#8221;default&#8221; custom_padding=&#8221;10px|30px|10px|30px|true|true&#8221; global_colors_info=&#8221;{}&#8221;][\/et_pb_button][\/et_pb_column][et_pb_column type=&#8221;1_3&#8243; _builder_version=&#8221;4.19.5&#8243; _module_preset=&#8221;default&#8221; global_colors_info=&#8221;{}&#8221;][et_pb_text _builder_version=&#8221;4.19.5&#8243; _module_preset=&#8221;default&#8221; custom_margin=&#8221;||10px||false|false&#8221; global_colors_info=&#8221;{}&#8221;]<\/p>\n<h2 style=\"text-align: center;\">Almo\u00e7o de P\u00e1scoa<\/h2>\n<p>[\/et_pb_text][et_pb_image src=&#8221;https:\/\/2monkeys.com.pt\/wp-content\/uploads\/2023\/03\/almoco-pascoa-torel-palace-lisboa-2.jpg&#8221; title_text=&#8221;almoco-pascoa-torel-palace-lisboa&#8221; _builder_version=&#8221;4.19.5&#8243; _module_preset=&#8221;default&#8221; global_colors_info=&#8221;{}&#8221;][\/et_pb_image][et_pb_text _builder_version=&#8221;4.19.5&#8243; _module_preset=&#8221;default&#8221; global_colors_info=&#8221;{}&#8221;]<\/p>\n<h3 style=\"text-align: center;\">Dispon\u00edvel no dia 9 de Abril, das 12h30 \u00e0s 15h.<\/h3>\n<h3 style=\"text-align: center;\">Reservas obrigat\u00f3rias.<\/h3>\n<h3 style=\"text-align: center;\">Pre\u00e7o: 55<span>\u00a0\u20ac<\/span> por pessoa.<\/h3>\n<p>[\/et_pb_text][et_pb_button button_url=&#8221;https:\/\/2monkeys.com.pt\/wp-content\/uploads\/2023\/03\/menu-almoco-pascoa-lisboa-black-pavilion.pdf&#8221; url_new_window=&#8221;on&#8221; button_text=&#8221;VER MENU&#8221; button_alignment=&#8221;center&#8221; _builder_version=&#8221;4.19.5&#8243; _module_preset=&#8221;default&#8221; custom_padding=&#8221;10px|30px|10px|30px|true|true&#8221; global_colors_info=&#8221;{}&#8221;][\/et_pb_button][\/et_pb_column][et_pb_column type=&#8221;1_3&#8243; _builder_version=&#8221;4.19.5&#8243; _module_preset=&#8221;default&#8221; global_colors_info=&#8221;{}&#8221;][et_pb_text _builder_version=&#8221;4.19.5&#8243; _module_preset=&#8221;default&#8221; custom_margin=&#8221;||10px||false|false&#8221; global_colors_info=&#8221;{}&#8221;]<\/p>\n<h2 style=\"text-align: center;\">Menu Executivo<\/h2>\n<p>[\/et_pb_text][et_pb_image src=&#8221;https:\/\/2monkeys.com.pt\/wp-content\/uploads\/2023\/03\/black-pavilion-cevadinha-menu-lisboa.jpg&#8221; title_text=&#8221;black-pavilion-cevadinha-menu-lisboa&#8221; _builder_version=&#8221;4.19.5&#8243; _module_preset=&#8221;default&#8221; global_colors_info=&#8221;{}&#8221;][\/et_pb_image][et_pb_text _builder_version=&#8221;4.19.5&#8243; _module_preset=&#8221;default&#8221; custom_padding=&#8221;||108px||false|false&#8221; global_colors_info=&#8221;{}&#8221;]<\/p>\n<h3 style=\"text-align: center;\">Dispon\u00edvel de segunda a sexta-feira das 12h30 \u00e0s 15h00.<\/h3>\n<p>[\/et_pb_text][et_pb_button button_url=&#8221;https:\/\/2monkeys.com.pt\/wp-content\/uploads\/2023\/04\/menu-de-almoco_pt_black-pavilion_1_.pdf&#8221; url_new_window=&#8221;on&#8221; button_text=&#8221;VER MENU&#8221; button_alignment=&#8221;center&#8221; _builder_version=&#8221;4.19.5&#8243; _module_preset=&#8221;default&#8221; custom_padding=&#8221;10px|30px|10px|30px|true|true&#8221; global_colors_info=&#8221;{}&#8221;][\/et_pb_button][\/et_pb_column][\/et_pb_row][et_pb_row column_structure=&#8221;1_3,1_3,1_3&#8243; disabled_on=&#8221;on|on|on&#8221; _builder_version=&#8221;4.19.5&#8243; _module_preset=&#8221;default&#8221; disabled=&#8221;on&#8221; global_colors_info=&#8221;{}&#8221;][et_pb_column type=&#8221;1_3&#8243; _builder_version=&#8221;4.19.5&#8243; _module_preset=&#8221;default&#8221; global_colors_info=&#8221;{}&#8221;][et_pb_text _builder_version=&#8221;4.19.5&#8243; _module_preset=&#8221;default&#8221; custom_margin=&#8221;||10px||false|false&#8221; global_colors_info=&#8221;{}&#8221;]<\/p>\n<h2 style=\"text-align: center;\">Menu de Bebidas<\/h2>\n<p>[\/et_pb_text][et_pb_image src=&#8221;https:\/\/2monkeys.com.pt\/wp-content\/uploads\/2023\/03\/restaurante-com-vista-black-pavilion-lisboa.jpg&#8221; title_text=&#8221;restaurante-com-vista-black-pavilion-lisboa&#8221; _builder_version=&#8221;4.19.5&#8243; _module_preset=&#8221;default&#8221; global_colors_info=&#8221;{}&#8221;][\/et_pb_image][et_pb_text _builder_version=&#8221;4.19.5&#8243; _module_preset=&#8221;default&#8221; global_colors_info=&#8221;{}&#8221;]<\/p>\n<h3 style=\"text-align: center;\">Dispon\u00edvel todos os dias das 11h30 \u00e0s 23h00.<\/h3>\n<p>[\/et_pb_text][et_pb_button button_url=&#8221;https:\/\/2monkeys.com.pt\/wp-content\/uploads\/2023\/03\/menu-bar-bebidas-restaurante-torel-palace-lisboa.pdf&#8221; url_new_window=&#8221;on&#8221; button_text=&#8221;VER MENU&#8221; button_alignment=&#8221;center&#8221; _builder_version=&#8221;4.19.5&#8243; _module_preset=&#8221;default&#8221; custom_padding=&#8221;10px|30px|10px|30px|true|true&#8221; global_colors_info=&#8221;{}&#8221;][\/et_pb_button][\/et_pb_column][et_pb_column type=&#8221;1_3&#8243; _builder_version=&#8221;4.19.5&#8243; _module_preset=&#8221;default&#8221; global_colors_info=&#8221;{}&#8221;][et_pb_text _builder_version=&#8221;4.19.5&#8243; _module_preset=&#8221;default&#8221; custom_margin=&#8221;||10px||false|false&#8221; global_colors_info=&#8221;{}&#8221;]<\/p>\n<h2 style=\"text-align: center;\">Menu Bar<\/h2>\n<p>[\/et_pb_text][et_pb_image src=&#8221;https:\/\/2monkeys.com.pt\/wp-content\/uploads\/2023\/03\/menu-bar-black-pavilion-lisboa.jpg&#8221; title_text=&#8221;menu-bar-black-pavilion-lisboa&#8221; _builder_version=&#8221;4.19.5&#8243; _module_preset=&#8221;default&#8221; global_colors_info=&#8221;{}&#8221;][\/et_pb_image][et_pb_text _builder_version=&#8221;4.19.5&#8243; _module_preset=&#8221;default&#8221; global_colors_info=&#8221;{}&#8221;]<\/p>\n<h3 style=\"text-align: center;\">Dispon\u00edvel todos os dias das 11h00 \u00e0s 23h30.<\/h3>\n<p>[\/et_pb_text][et_pb_button button_url=&#8221;https:\/\/2monkeys.com.pt\/wp-content\/uploads\/2023\/03\/menu-bar-restaurante-torel-palace-lisboa.pdf&#8221; url_new_window=&#8221;on&#8221; button_text=&#8221;VER MENU&#8221; button_alignment=&#8221;center&#8221; _builder_version=&#8221;4.19.5&#8243; _module_preset=&#8221;default&#8221; custom_padding=&#8221;10px|30px|10px|30px|true|true&#8221; global_colors_info=&#8221;{}&#8221;][\/et_pb_button][\/et_pb_column][et_pb_column type=&#8221;1_3&#8243; _builder_version=&#8221;4.19.5&#8243; _module_preset=&#8221;default&#8221; global_colors_info=&#8221;{}&#8221;][et_pb_text _builder_version=&#8221;4.19.5&#8243; _module_preset=&#8221;default&#8221; custom_margin=&#8221;||10px||false|false&#8221; global_colors_info=&#8221;{}&#8221;]<\/p>\n<h2 style=\"text-align: center;\">Menu Infantil<\/h2>\n<p>[\/et_pb_text][et_pb_image src=&#8221;https:\/\/2monkeys.com.pt\/wp-content\/uploads\/2023\/03\/ofertas-restaurante-torel-palace-lisboa.jpg&#8221; title_text=&#8221;ofertas-restaurante-torel-palace-lisboa&#8221; _builder_version=&#8221;4.19.5&#8243; _module_preset=&#8221;default&#8221; global_colors_info=&#8221;{}&#8221;][\/et_pb_image][et_pb_text _builder_version=&#8221;4.19.5&#8243; _module_preset=&#8221;default&#8221; custom_padding=&#8221;||0px|||&#8221; global_colors_info=&#8221;{}&#8221;]<\/p>\n<h3 style=\"text-align: center;\">Dispon\u00edvel todos os dias das 11h30 \u00e0s 22h30.<\/h3>\n<p>[\/et_pb_text][et_pb_button button_url=&#8221;https:\/\/2monkeys.com.pt\/wp-content\/uploads\/2023\/03\/menu-criancas-black-pavilion-lisboa.pdf&#8221; url_new_window=&#8221;on&#8221; button_text=&#8221;VER MENU&#8221; button_alignment=&#8221;center&#8221; _builder_version=&#8221;4.19.5&#8243; _module_preset=&#8221;default&#8221; custom_padding=&#8221;10px|30px|10px|30px|true|true&#8221; global_colors_info=&#8221;{}&#8221;][\/et_pb_button][\/et_pb_column][\/et_pb_row][\/et_pb_section]<\/p>\n","protected":false},"excerpt":{"rendered":"<p>Check out our offersAt 2Monkeys, you can enjoy an evening of high-level gastronomy that is informal yet sophisticated, and above all, a memorable experience.2Monkeys Menu Available for dinner Tuesday to Saturday. Our surprise menu is a culinary adventure crafted by our talented chefs, who draw inspiration from the freshest and most exquisite seasonal ingredients. Wine [&hellip;]<\/p>\n","protected":false},"author":4,"featured_media":0,"parent":0,"menu_order":0,"comment_status":"closed","ping_status":"closed","template":"","meta":{"_et_pb_use_builder":"on","_et_pb_old_content":"","_et_gb_content_width":"","footnotes":""},"aioseo_notices":[],"_links":{"self":[{"href":"https:\/\/2monkeys.com.pt\/en\/wp-json\/wp\/v2\/pages\/71937"}],"collection":[{"href":"https:\/\/2monkeys.com.pt\/en\/wp-json\/wp\/v2\/pages"}],"about":[{"href":"https:\/\/2monkeys.com.pt\/en\/wp-json\/wp\/v2\/types\/page"}],"author":[{"embeddable":true,"href":"https:\/\/2monkeys.com.pt\/en\/wp-json\/wp\/v2\/users\/4"}],"replies":[{"embeddable":true,"href":"https:\/\/2monkeys.com.pt\/en\/wp-json\/wp\/v2\/comments?post=71937"}],"version-history":[{"count":89,"href":"https:\/\/2monkeys.com.pt\/en\/wp-json\/wp\/v2\/pages\/71937\/revisions"}],"predecessor-version":[{"id":78314,"href":"https:\/\/2monkeys.com.pt\/en\/wp-json\/wp\/v2\/pages\/71937\/revisions\/78314"}],"wp:attachment":[{"href":"https:\/\/2monkeys.com.pt\/en\/wp-json\/wp\/v2\/media?parent=71937"}],"curies":[{"name":"wp","href":"https:\/\/api.w.org\/{rel}","templated":true}]}}