{"id":73239,"date":"2023-04-11T12:36:39","date_gmt":"2023-04-11T12:36:39","guid":{"rendered":"https:\/\/2monkeys.com.pt?page_id=73239"},"modified":"2026-03-11T16:32:11","modified_gmt":"2026-03-11T16:32:11","slug":"os-nossos-chefs","status":"publish","type":"page","link":"https:\/\/2monkeys.com.pt\/en\/os-nossos-chefs\/","title":{"rendered":"Our Chefs"},"content":{"rendered":"<p>[et_pb_section fb_built=&#8221;1&#8243; _builder_version=&#8221;4.19.5&#8243; _module_preset=&#8221;default&#8221; background_color=&#8221;RGBA(255,255,255,0)&#8221; custom_padding=&#8221;30px|1px|30px||false|false&#8221; global_colors_info=&#8221;{}&#8221;][et_pb_row _builder_version=&#8221;4.19.5&#8243; _module_preset=&#8221;default&#8221; width=&#8221;100%&#8221; width_tablet=&#8221;100%&#8221; width_phone=&#8221;90%&#8221; width_last_edited=&#8221;on|phone&#8221; max_width=&#8221;100%&#8221; module_alignment=&#8221;center&#8221; custom_margin=&#8221;|0px|||false|false&#8221; custom_padding=&#8221;20px|20px|0px|20px|false|true&#8221; global_colors_info=&#8221;{}&#8221;][et_pb_column type=&#8221;4_4&#8243; _builder_version=&#8221;4.19.5&#8243; _module_preset=&#8221;default&#8221; global_colors_info=&#8221;{}&#8221;][et_pb_post_title meta=&#8221;off&#8221; featured_image=&#8221;off&#8221; module_class=&#8221;section_title&#8221; _builder_version=&#8221;4.19.5&#8243; _module_preset=&#8221;default&#8221; title_font=&#8221;|||on|||||&#8221; title_text_color=&#8221;gcid-a7679b5e-9eba-42a7-859d-d4af8145d965&#8243; title_font_size=&#8221;20px&#8221; title_letter_spacing=&#8221;4px&#8221; text_orientation=&#8221;center&#8221; width=&#8221;100%&#8221; max_width=&#8221;100%&#8221; module_alignment=&#8221;center&#8221; custom_margin=&#8221;|0px|||false|false&#8221; custom_padding=&#8221;|0px|||false|false&#8221; global_colors_info=&#8221;{%22gcid-a7679b5e-9eba-42a7-859d-d4af8145d965%22:%91%22title_text_color%22%93}&#8221;][\/et_pb_post_title][et_pb_text _builder_version=&#8221;4.19.5&#8243; header_3_font=&#8221;Spectral SC||||||||&#8221; header_3_text_align=&#8221;center&#8221; header_3_text_color=&#8221;#ffffff&#8221; header_3_font_size=&#8221;50px&#8221; header_3_letter_spacing=&#8221;8px&#8221; header_3_line_height=&#8221;1.4em&#8221; z_index=&#8221;351&#8243; width=&#8221;50%&#8221; width_tablet=&#8221;100%&#8221; width_phone=&#8221;100%&#8221; width_last_edited=&#8221;on|phone&#8221; module_alignment=&#8221;center&#8221; custom_margin=&#8221;10px|0px||0px|false|false&#8221; custom_padding=&#8221;|0px||0px|false|false&#8221; header_3_font_size_tablet=&#8221;40px&#8221; header_3_font_size_phone=&#8221;30px&#8221; header_3_font_size_last_edited=&#8221;on|phone&#8221; header_3_letter_spacing_tablet=&#8221;2px&#8221; header_3_letter_spacing_phone=&#8221;2px&#8221; header_3_letter_spacing_last_edited=&#8221;on|phone&#8221; header_3_line_height_tablet=&#8221;&#8221; header_3_line_height_phone=&#8221;1.1em&#8221; header_3_line_height_last_edited=&#8221;on|phone&#8221; global_colors_info=&#8221;{}&#8221;]<\/p>\n<h5 style=\"text-align: center;\">Our two chefs bring their similarities and differences to the kitchen, resulting in a modern <em>haute cuisine<\/em> that is both engaging and personalized.<\/h5>\n<p>[\/et_pb_text][\/et_pb_column][\/et_pb_row][et_pb_row _builder_version=&#8221;4.19.5&#8243; _module_preset=&#8221;default&#8221; custom_padding=&#8221;|0px||0px|false|false&#8221; global_colors_info=&#8221;{}&#8221;][et_pb_column type=&#8221;4_4&#8243; _builder_version=&#8221;4.19.5&#8243; _module_preset=&#8221;default&#8221; global_colors_info=&#8221;{}&#8221;][et_pb_text _builder_version=&#8221;4.19.5&#8243; _module_preset=&#8221;default&#8221; global_colors_info=&#8221;{}&#8221;]<\/p>\n<h2 style=\"text-align: center;\"><strong>Chef: Vitor Matos<\/strong><\/h2>\n<p>[\/et_pb_text][et_pb_image src=&#8221;https:\/\/2monkeys.com.pt\/wp-content\/uploads\/2024\/06\/2Monkeys_HayleyKelsingPhotography-25-scaled.jpg&#8221; alt=&#8221;chef-vitor-matos&#8221; title_text=&#8221;2Monkeys_HayleyKelsingPhotography-25&#8243; align=&#8221;center&#8221; _builder_version=&#8221;4.19.5&#8243; _module_preset=&#8221;default&#8221; width=&#8221;79%&#8221; global_colors_info=&#8221;{}&#8221;][\/et_pb_image][et_pb_text _builder_version=&#8221;4.19.5&#8243; _module_preset=&#8221;default&#8221; width=&#8221;70%&#8221; module_alignment=&#8221;center&#8221; custom_padding=&#8221;|20px||20px|false|true&#8221; global_colors_info=&#8221;{}&#8221;]<\/p>\n<h6 style=\"text-align: center;\">Chef with the most MICHELIN stars in Portugal<\/h6>\n<h6 style=\"text-align: center;\">Recognized for his excellence in the use of fresh, seasonal and local products, Vitor Matos is responsible for a cuisine that harmoniously combines tradition and modernity. Having worked between Portugal and Switzerland, the chef currently holds 6 MICHELIN stars &#8211; 2 stars for the Antiqvvm restaurant, 1 star for BLIND, 1 star for 2Monkeys, 1 star for Schist\u00f3 (part of the Torel Boutiques Group), and 1 star for the Oculto restaurant. Throughout his career, he has won several awards, including Chef of the Year 2003 (Edi\u00e7\u00f5es do Gosto), Chef of the Year 2013 (WINE Magazine Awards), Best Chef in Portugal 2014 (Arco Atl\u00e2ntico Gastro Awards) and the \u201cChefs de l&#8217;Avenir\u201d award in 2011, given by the International Academy of Gastronomy in Paris.<\/h6>\n<p>[\/et_pb_text][et_pb_text _builder_version=&#8221;4.19.5&#8243; _module_preset=&#8221;default&#8221; global_colors_info=&#8221;{}&#8221;]<\/p>\n<h2 style=\"text-align: center;\"><strong>Resident Chef: <\/strong><strong>Guilherme Spalk<\/strong><\/h2>\n<p>[\/et_pb_text][et_pb_image src=&#8221;https:\/\/2monkeys.com.pt\/wp-content\/uploads\/2024\/06\/2Monkeys_HayleyKelsingPhotography-21-scaled.jpg&#8221; alt=&#8221;chef-vitor-matos&#8221; title_text=&#8221;2Monkeys_HayleyKelsingPhotography-21&#8243; align=&#8221;center&#8221; _builder_version=&#8221;4.19.5&#8243; _module_preset=&#8221;default&#8221; width=&#8221;79%&#8221; global_colors_info=&#8221;{}&#8221;][\/et_pb_image][et_pb_text _builder_version=&#8221;4.19.5&#8243; _module_preset=&#8221;default&#8221; width=&#8221;70%&#8221; module_alignment=&#8221;center&#8221; custom_padding=&#8221;|20px||20px|false|true&#8221; global_colors_info=&#8221;{}&#8221;]<\/p>\n<h6 style=\"text-align: center;\"><\/h6>\n<h6 style=\"text-align: center;\">Guilherme Spalk brings new ideas and references to this intimate counter. After several stops across Europe, and experiences in kitchens such as the former Taberna Fina, led by chef Andr\u00e9 Magalh\u00e3es at Le Consulat, and Nove B by Via Gra\u00e7a, both in Lisbon, Guilherme Spalk, the winner of the Young Gastronomy Talent Competition in 2013, joins the kitchen at 2Monkeys, side by side with Chef Vitor Matos.<\/h6>\n<p>[\/et_pb_text][\/et_pb_column][\/et_pb_row][\/et_pb_section]<\/p>\n","protected":false},"excerpt":{"rendered":"<p>Our two chefs bring their similarities and differences to the kitchen, resulting in a modern haute cuisine that is both engaging and personalized.Chef: Vitor MatosChef with the most MICHELIN stars in Portugal Recognized for his excellence in the use of fresh, seasonal and local products, Vitor Matos is responsible for a cuisine that harmoniously combines [&hellip;]<\/p>\n","protected":false},"author":4,"featured_media":0,"parent":0,"menu_order":0,"comment_status":"closed","ping_status":"closed","template":"","meta":{"_et_pb_use_builder":"on","_et_pb_old_content":"","_et_gb_content_width":"","footnotes":""},"aioseo_notices":[],"_links":{"self":[{"href":"https:\/\/2monkeys.com.pt\/en\/wp-json\/wp\/v2\/pages\/73239"}],"collection":[{"href":"https:\/\/2monkeys.com.pt\/en\/wp-json\/wp\/v2\/pages"}],"about":[{"href":"https:\/\/2monkeys.com.pt\/en\/wp-json\/wp\/v2\/types\/page"}],"author":[{"embeddable":true,"href":"https:\/\/2monkeys.com.pt\/en\/wp-json\/wp\/v2\/users\/4"}],"replies":[{"embeddable":true,"href":"https:\/\/2monkeys.com.pt\/en\/wp-json\/wp\/v2\/comments?post=73239"}],"version-history":[{"count":27,"href":"https:\/\/2monkeys.com.pt\/en\/wp-json\/wp\/v2\/pages\/73239\/revisions"}],"predecessor-version":[{"id":78414,"href":"https:\/\/2monkeys.com.pt\/en\/wp-json\/wp\/v2\/pages\/73239\/revisions\/78414"}],"wp:attachment":[{"href":"https:\/\/2monkeys.com.pt\/en\/wp-json\/wp\/v2\/media?parent=73239"}],"curies":[{"name":"wp","href":"https:\/\/api.w.org\/{rel}","templated":true}]}}